{"id":23063,"date":"2024-07-12T15:23:17","date_gmt":"2024-07-12T15:23:17","guid":{"rendered":"https:\/\/yijin.seo2.au\/?page_id=23063"},"modified":"2024-12-24T01:41:15","modified_gmt":"2024-12-24T01:41:15","slug":"privacy-policy","status":"publish","type":"page","link":"https:\/\/yijin.seo2.au\/fr\/privacy-policy\/","title":{"rendered":"Politique de confidentialit\u00e9"},"content":{"rendered":"<section class=\"elementor-section elementor-inner-section elementor-element elementor-element-0eae42c elementor-section-boxed elementor-section-height-default elementor-section-height-default\" data-id=\"0eae42c\" data-element_type=\"section\" data-settings=\"{&quot;background_background&quot;:&quot;classic&quot;}\">\n<div class=\"elementor-container elementor-column-gap-default\">\n<div class=\"elementor-column elementor-col-100 elementor-inner-column elementor-element elementor-element-2751710\" data-id=\"2751710\" data-element_type=\"column\">\n<div class=\"elementor-widget-wrap elementor-element-populated\">\n<div class=\"elementor-element elementor-element-3b49b82 elementor-widget elementor-widget-theme-page-title elementor-page-title elementor-widget-heading\" data-id=\"3b49b82\" data-element_type=\"widget\" data-widget_type=\"theme-page-title.default\">\n<div class=\"elementor-widget-container\">\n<h1 style=\"font-family: 'NEUE HASS', 'NEUE HASS'; font-size: 48px; font-weight: 600; letter-spacing: 0.5px; line-height: 56px; color: black;\">Politique de confidentialit\u00e9<\/h1>\n<\/div>\n<\/div>\n<\/div>\n<\/div>\n<\/div>\n<\/section>\n<section class=\"elementor-section elementor-inner-section elementor-element elementor-element-e486a5f elementor-section-boxed elementor-section-height-default elementor-section-height-default\" data-id=\"e486a5f\" data-element_type=\"section\" data-settings=\"{&quot;background_background&quot;:&quot;classic&quot;}\">\n<div class=\"elementor-container elementor-column-gap-default\">\n<div class=\"elementor-column elementor-col-100 elementor-inner-column elementor-element elementor-element-3cd959c\" data-id=\"3cd959c\" data-element_type=\"column\">\n<div class=\"elementor-widget-wrap elementor-element-populated\">\n<div class=\"elementor-element elementor-element-3d4977c elementor-widget elementor-widget-text-editor\" data-id=\"3d4977c\" data-element_type=\"widget\" data-widget_type=\"text-editor.default\">\n<div class=\"elementor-widget-container\">\n<p>This privacy policy sets out how Yijin Solution uses and protects any information that you give Yijin Solution when you use this website. Yijin Solution is committed to ensuring that your privacy is protected. Please read our privacy policy carefully to get a clear understanding of how we collect, use, protect, or otherwise handle your Personally Identifiable Information in accordance with our website.<\/p>\n<h2 style=\"color: #161616; display: block; font-family: 'NEUE HASS', 'NEUE HASS'; font-size: 36px; font-weight: 600; letter-spacing: 0.5px; line-height: 48px;\">Ce que nous collectons<\/h2>\n<p>Nous pouvons recueillir les informations suivantes :<\/p>\n<ul>\n<li>nom<\/li>\n<li>les informations de contact, y compris l'adresse \u00e9lectronique<\/li>\n<li>des informations d\u00e9mographiques telles que le code postal, les pr\u00e9f\u00e9rences et les int\u00e9r\u00eats<\/li>\n<li>d'autres informations relatives aux enqu\u00eates et\/ou aux offres destin\u00e9es aux clients<\/li>\n<\/ul>\n<h2 style=\"color: #161616; display: block; font-family: 'NEUE HASS', 'NEUE HASS'; font-size: 36px; font-weight: 600; letter-spacing: 0.5px; line-height: 48px;\">Ce que nous faisons des informations recueillies<\/h2>\n<p>Nous pouvons utiliser les informations que nous recueillons aupr\u00e8s de vous lorsque vous vous inscrivez \u00e0 notre lettre d'information, r\u00e9pondez \u00e0 une enqu\u00eate ou \u00e0 une communication marketing, naviguez sur le site web ou utilisez certaines autres fonctions du site de la mani\u00e8re suivante :<\/p>\n<ul>\n<li>pour nous permettre de mieux vous servir en r\u00e9pondant \u00e0 vos demandes de service \u00e0 la client\u00e8le.<\/li>\n<li>pour traiter rapidement vos transactions.<\/li>\n<li>d'assurer un suivi apr\u00e8s la correspondance (chat en direct, courriel ou demandes de renseignements par t\u00e9l\u00e9phone).<\/li>\n<\/ul>\n<h2 style=\"color: #161616; display: block; font-family: 'NEUE HASS', 'NEUE HASS'; font-size: 36px; font-weight: 600; letter-spacing: 0.5px; line-height: 48px;\">S\u00e9curit\u00e9<\/h2>\n<p>Nous nous engageons \u00e0 garantir la s\u00e9curit\u00e9 de vos informations. Afin d'emp\u00eacher tout acc\u00e8s ou toute divulgation non autoris\u00e9s, nous avons mis en place des proc\u00e9dures physiques, \u00e9lectroniques et de gestion appropri\u00e9es pour sauvegarder et s\u00e9curiser les informations que nous recueillons en ligne.<\/p>\n<h2 style=\"color: #161616; display: block; font-family: 'NEUE HASS', 'NEUE HASS'; font-size: 36px; font-weight: 600; letter-spacing: 0.5px; line-height: 48px;\">Comment nous utilisons les cookies<\/h2>\n<p>Un cookie est un petit fichier qui demande la permission d'\u00eatre plac\u00e9 sur le disque dur de votre ordinateur. Une fois que vous avez donn\u00e9 votre accord, le fichier est ajout\u00e9 et le cookie aide \u00e0 analyser le trafic web ou vous permet de savoir quand vous visitez un site particulier. Les cookies permettent aux applications web de vous r\u00e9pondre en tant qu'individu. L'application web peut adapter ses op\u00e9rations \u00e0 vos besoins, \u00e0 vos go\u00fbts et \u00e0 vos aversions en recueillant et en m\u00e9morisant des informations sur vos pr\u00e9f\u00e9rences.<\/p>\n<p>Nous utilisons des cookies de suivi du trafic pour identifier les pages qui sont utilis\u00e9es. Cela nous aide \u00e0 analyser les donn\u00e9es relatives au trafic des pages web et \u00e0 am\u00e9liorer notre site web afin de l'adapter aux besoins des clients. Nous n'utilisons ces informations qu'\u00e0 des fins d'analyse statistique et les donn\u00e9es sont ensuite supprim\u00e9es du syst\u00e8me.<\/p>\n<p>D'une mani\u00e8re g\u00e9n\u00e9rale, les cookies nous aident \u00e0 vous fournir un meilleur site web, en nous permettant de surveiller les pages que vous trouvez utiles et celles qui ne le sont pas. Un cookie ne nous donne en aucun cas acc\u00e8s \u00e0 votre ordinateur ni \u00e0 aucune information vous concernant, \u00e0 l'exception des donn\u00e9es que vous choisissez de partager avec nous. Vous pouvez choisir d'accepter ou de refuser les cookies. La plupart des navigateurs web acceptent automatiquement les cookies, mais vous pouvez g\u00e9n\u00e9ralement modifier les param\u00e8tres de votre navigateur pour refuser les cookies si vous le souhaitez. Cela peut vous emp\u00eacher de profiter pleinement du site web.<\/p>\n<h2 style=\"color: #161616; display: block; font-family: 'NEUE HASS', 'NEUE HASS'; font-size: 36px; font-weight: 600; letter-spacing: 0.5px; line-height: 48px;\">Divulgation \u00e0 des tiers<\/h2>\n<p>Nous ne vendons pas, n'\u00e9changeons pas et ne transf\u00e9rons pas de quelque mani\u00e8re que ce soit \u00e0 des tiers vos informations personnellement identifiables, \u00e0 moins que nous n'en informions les utilisateurs \u00e0 l'avance. Cela n'inclut pas les partenaires d'h\u00e9bergement du site web et les autres parties qui nous aident \u00e0 exploiter notre site web, \u00e0 mener nos activit\u00e9s ou \u00e0 servir nos utilisateurs, pour autant que ces parties acceptent de garder ces informations confidentielles. Nous pouvons \u00e9galement divulguer des informations lorsque leur divulgation est n\u00e9cessaire pour se conformer \u00e0 la loi, appliquer les politiques de notre site ou prot\u00e9ger nos droits, notre propri\u00e9t\u00e9 ou notre s\u00e9curit\u00e9, ou ceux d'autres personnes.<\/p>\n<p>Toutefois, des informations non personnellement identifiables sur les visiteurs peuvent \u00eatre fournies \u00e0 d'autres parties \u00e0 des fins de marketing, de publicit\u00e9 ou autres.<\/p>\n<h2 style=\"color: #161616; display: block; font-family: 'NEUE HASS', 'NEUE HASS'; font-size: 36px; font-weight: 600; letter-spacing: 0.5px; line-height: 48px;\">Liens avec des tiers<\/h2>\n<p>Nous n'incluons ni ne proposons de produits ou de services de tiers sur notre site web.<\/p>\n<h2 style=\"color: #161616; display: block; font-family: 'NEUE HASS', 'NEUE HASS'; font-size: 36px; font-weight: 600; letter-spacing: 0.5px; line-height: 48px;\">Contr\u00f4le de vos informations personnelles<\/h2>\n<p>Vous pouvez choisir de restreindre la collecte ou l'utilisation de vos informations personnelles de la mani\u00e8re suivante :<\/p>\n<ul>\n<li>Lorsqu'il vous est demand\u00e9 de remplir un formulaire sur le site web, cherchez la case \u00e0 cocher pour indiquer que vous ne souhaitez pas que les informations soient utilis\u00e9es par qui que ce soit \u00e0 des fins de marketing direct.<\/li>\n<li>si vous avez d\u00e9j\u00e0 accept\u00e9 que vos informations personnelles soient utilis\u00e9es \u00e0 des fins de marketing direct, vous pouvez changer d'avis \u00e0 tout moment en nous \u00e9crivant ou en nous envoyant un courrier \u00e9lectronique \u00e0 l'adresse suivante\u00a0<a href=\"mailto:info@yijinsolution.com\"><span style=\"color: #1593ce;\">info@yijinsolution.com<\/span><\/a>.<\/li>\n<\/ul>\n<p>Si vous pensez que les informations que nous d\u00e9tenons sur vous sont incorrectes ou incompl\u00e8tes, veuillez nous envoyer un courriel \u00e0 l'adresse ci-dessus dans les plus brefs d\u00e9lais. Nous corrigerons rapidement toute information jug\u00e9e incorrecte.<\/p>\n<\/div>\n<\/div>\n<\/div>\n<\/div>\n<\/div>\n<\/section>","protected":false},"excerpt":{"rendered":"<p>Privacy Policy This privacy policy sets out how Yijin Solution uses and protects any information that you give Yijin Solution when you use this website. Yijin Solution is committed to ensuring that your privacy is protected. Please read our privacy policy carefully to get a clear understanding of how we collect, use, protect, or otherwise [&hellip;]<\/p>\n","protected":false},"author":8,"featured_media":0,"parent":0,"menu_order":0,"comment_status":"closed","ping_status":"closed","template":"","meta":{"_acf_changed":false,"_seopress_robots_primary_cat":"","_seopress_titles_title":"Privacy Policy | Yijin Solution","_seopress_titles_desc":"This privacy policy sets out how Yijin Solution uses and protects any information that you give us when you use this website.","_seopress_robots_index":"","footnotes":""},"class_list":["post-23063","page","type-page","status-publish"],"acf":[],"_links":{"self":[{"href":"https:\/\/yijin.seo2.au\/fr\/wp-json\/wp\/v2\/pages\/23063","targetHints":{"allow":["GET"]}}],"collection":[{"href":"https:\/\/yijin.seo2.au\/fr\/wp-json\/wp\/v2\/pages"}],"about":[{"href":"https:\/\/yijin.seo2.au\/fr\/wp-json\/wp\/v2\/types\/page"}],"author":[{"embeddable":true,"href":"https:\/\/yijin.seo2.au\/fr\/wp-json\/wp\/v2\/users\/8"}],"replies":[{"embeddable":true,"href":"https:\/\/yijin.seo2.au\/fr\/wp-json\/wp\/v2\/comments?post=23063"}],"version-history":[{"count":0,"href":"https:\/\/yijin.seo2.au\/fr\/wp-json\/wp\/v2\/pages\/23063\/revisions"}],"wp:attachment":[{"href":"https:\/\/yijin.seo2.au\/fr\/wp-json\/wp\/v2\/media?parent=23063"}],"curies":[{"name":"wp","href":"https:\/\/api.w.org\/{rel}","templated":true}]}}