{"id":23063,"date":"2024-07-12T15:23:17","date_gmt":"2024-07-12T15:23:17","guid":{"rendered":"https:\/\/yijin.seo2.au\/?page_id=23063"},"modified":"2024-12-24T01:41:15","modified_gmt":"2024-12-24T01:41:15","slug":"privacy-policy","status":"publish","type":"page","link":"https:\/\/yijin.seo2.au\/de\/privacy-policy\/","title":{"rendered":"Datenschutzbestimmungen"},"content":{"rendered":"<section class=\"elementor-section elementor-inner-section elementor-element elementor-element-0eae42c elementor-section-boxed elementor-section-height-default elementor-section-height-default\" data-id=\"0eae42c\" data-element_type=\"section\" data-settings=\"{&quot;background_background&quot;:&quot;classic&quot;}\">\n<div class=\"elementor-container elementor-column-gap-default\">\n<div class=\"elementor-column elementor-col-100 elementor-inner-column elementor-element elementor-element-2751710\" data-id=\"2751710\" data-element_type=\"column\">\n<div class=\"elementor-widget-wrap elementor-element-populated\">\n<div class=\"elementor-element elementor-element-3b49b82 elementor-widget elementor-widget-theme-page-title elementor-page-title elementor-widget-heading\" data-id=\"3b49b82\" data-element_type=\"widget\" data-widget_type=\"theme-page-title.default\">\n<div class=\"elementor-widget-container\">\n<h1 style=\"font-family: 'NEUE HASS', 'NEUE HASS'; font-size: 48px; font-weight: 600; letter-spacing: 0.5px; line-height: 56px; color: black;\">Datenschutzbestimmungen<\/h1>\n<\/div>\n<\/div>\n<\/div>\n<\/div>\n<\/div>\n<\/section>\n<section class=\"elementor-section elementor-inner-section elementor-element elementor-element-e486a5f elementor-section-boxed elementor-section-height-default elementor-section-height-default\" data-id=\"e486a5f\" data-element_type=\"section\" data-settings=\"{&quot;background_background&quot;:&quot;classic&quot;}\">\n<div class=\"elementor-container elementor-column-gap-default\">\n<div class=\"elementor-column elementor-col-100 elementor-inner-column elementor-element elementor-element-3cd959c\" data-id=\"3cd959c\" data-element_type=\"column\">\n<div class=\"elementor-widget-wrap elementor-element-populated\">\n<div class=\"elementor-element elementor-element-3d4977c elementor-widget elementor-widget-text-editor\" data-id=\"3d4977c\" data-element_type=\"widget\" data-widget_type=\"text-editor.default\">\n<div class=\"elementor-widget-container\">\n<p>This privacy policy sets out how Yijin Solution uses and protects any information that you give Yijin Solution when you use this website. Yijin Solution is committed to ensuring that your privacy is protected. Please read our privacy policy carefully to get a clear understanding of how we collect, use, protect, or otherwise handle your Personally Identifiable Information in accordance with our website.<\/p>\n<h2 style=\"color: #161616; display: block; font-family: 'NEUE HASS', 'NEUE HASS'; font-size: 36px; font-weight: 600; letter-spacing: 0.5px; line-height: 48px;\">Was wir sammeln<\/h2>\n<p>Wir k\u00f6nnen die folgenden Informationen sammeln:<\/p>\n<ul>\n<li>Name<\/li>\n<li>Kontaktinformationen einschlie\u00dflich E-Mail Adresse<\/li>\n<li>demografische Informationen wie Postleitzahl, Vorlieben und Interessen<\/li>\n<li>andere Informationen, die f\u00fcr Kundenumfragen und\/oder Angebote relevant sind<\/li>\n<\/ul>\n<h2 style=\"color: #161616; display: block; font-family: 'NEUE HASS', 'NEUE HASS'; font-size: 36px; font-weight: 600; letter-spacing: 0.5px; line-height: 48px;\">Was wir mit den von uns gesammelten Informationen tun<\/h2>\n<p>Wir k\u00f6nnen die Informationen, die wir von Ihnen sammeln, wenn Sie sich f\u00fcr unseren Newsletter anmelden, auf eine Umfrage oder Marketingmitteilung antworten, auf der Website surfen oder bestimmte andere Funktionen der Website nutzen, wie folgt verwenden:<\/p>\n<ul>\n<li>damit wir Ihnen bei der Beantwortung Ihrer Kundendienstanfragen einen besseren Service bieten k\u00f6nnen.<\/li>\n<li>um Ihre Transaktionen schnell zu bearbeiten.<\/li>\n<li>nach der Korrespondenz (Live-Chat, E-Mail oder Telefonanrufe) mit ihnen Kontakt aufzunehmen.<\/li>\n<\/ul>\n<h2 style=\"color: #161616; display: block; font-family: 'NEUE HASS', 'NEUE HASS'; font-size: 36px; font-weight: 600; letter-spacing: 0.5px; line-height: 48px;\">Sicherheit<\/h2>\n<p>Wir sind bestrebt, die Sicherheit Ihrer Daten zu gew\u00e4hrleisten. Um einen unbefugten Zugriff oder eine unbefugte Offenlegung zu verhindern, haben wir geeignete physische, elektronische und verwaltungstechnische Verfahren zum Schutz und zur Sicherung der von uns online erfassten Daten eingef\u00fchrt.<\/p>\n<h2 style=\"color: #161616; display: block; font-family: 'NEUE HASS', 'NEUE HASS'; font-size: 36px; font-weight: 600; letter-spacing: 0.5px; line-height: 48px;\">Wie wir Cookies verwenden<\/h2>\n<p>Ein Cookie ist eine kleine Datei, die Sie um Erlaubnis bittet, auf der Festplatte Ihres Computers gespeichert zu werden. Sobald Sie zustimmen, wird die Datei hinzugef\u00fcgt und das Cookie hilft bei der Analyse des Webverkehrs oder informiert Sie, wenn Sie eine bestimmte Website besuchen. Cookies erm\u00f6glichen es Webanwendungen, auf Sie als Individuum einzugehen. Die Webanwendung kann ihren Betrieb auf Ihre Bed\u00fcrfnisse, Vorlieben und Abneigungen abstimmen, indem sie Informationen \u00fcber Ihre Vorlieben sammelt und speichert.<\/p>\n<p>Wir verwenden Traffic-Log-Cookies, um festzustellen, welche Seiten genutzt werden. Dies hilft uns, Daten \u00fcber den Webseitenverkehr zu analysieren und unsere Website zu verbessern, um sie an die Bed\u00fcrfnisse unserer Kunden anzupassen. Wir verwenden diese Informationen nur zu statistischen Analysezwecken und l\u00f6schen die Daten anschlie\u00dfend aus dem System.<\/p>\n<p>Insgesamt helfen uns Cookies dabei, Ihnen eine bessere Website zu bieten, indem sie uns erm\u00f6glichen zu beobachten, welche Seiten Sie n\u00fctzlich finden und welche nicht. Ein Cookie verschafft uns in keiner Weise Zugang zu Ihrem Computer oder zu irgendwelchen Informationen \u00fcber Sie, au\u00dfer den Daten, die Sie uns mitteilen m\u00f6chten. Sie k\u00f6nnen entscheiden, ob Sie Cookies akzeptieren oder ablehnen. Die meisten Webbrowser akzeptieren Cookies automatisch, aber Sie k\u00f6nnen Ihre Browser-Einstellungen in der Regel so \u00e4ndern, dass Sie Cookies ablehnen, wenn Sie dies w\u00fcnschen. Dies kann dazu f\u00fchren, dass Sie die Vorteile der Website nicht in vollem Umfang nutzen k\u00f6nnen.<\/p>\n<h2 style=\"color: #161616; display: block; font-family: 'NEUE HASS', 'NEUE HASS'; font-size: 36px; font-weight: 600; letter-spacing: 0.5px; line-height: 48px;\">Offenlegung gegen\u00fcber Dritten<\/h2>\n<p>Wir verkaufen, tauschen oder \u00fcbertragen Ihre personenbezogenen Daten nicht an Dritte, es sei denn, wir informieren die Nutzer im Voraus dar\u00fcber. Davon ausgenommen sind Website-Hosting-Partner und andere Parteien, die uns beim Betrieb unserer Website, bei der Abwicklung unserer Gesch\u00e4fte oder bei der Betreuung unserer Nutzer unterst\u00fctzen, sofern diese Parteien sich verpflichten, diese Informationen vertraulich zu behandeln. Wir k\u00f6nnen Informationen auch freigeben, wenn die Freigabe angemessen ist, um das Gesetz einzuhalten, unsere Website-Richtlinien durchzusetzen oder unsere oder die Rechte, das Eigentum oder die Sicherheit anderer zu sch\u00fctzen.<\/p>\n<p>Allerdings k\u00f6nnen nicht pers\u00f6nlich identifizierbare Besucherinformationen an andere Parteien f\u00fcr Marketing, Werbung oder andere Zwecke weitergegeben werden.<\/p>\n<h2 style=\"color: #161616; display: block; font-family: 'NEUE HASS', 'NEUE HASS'; font-size: 36px; font-weight: 600; letter-spacing: 0.5px; line-height: 48px;\">Links von Drittanbietern<\/h2>\n<p>Wir bieten keine Produkte oder Dienstleistungen Dritter auf unserer Website an.<\/p>\n<h2 style=\"color: #161616; display: block; font-family: 'NEUE HASS', 'NEUE HASS'; font-size: 36px; font-weight: 600; letter-spacing: 0.5px; line-height: 48px;\">Kontrolle Ihrer pers\u00f6nlichen Daten<\/h2>\n<p>Sie k\u00f6nnen die Erfassung oder Verwendung Ihrer personenbezogenen Daten auf folgende Weise einschr\u00e4nken:<\/p>\n<ul>\n<li>Wenn Sie gebeten werden, ein Formular auf der Website auszuf\u00fcllen, achten Sie auf das K\u00e4stchen, das Sie anklicken k\u00f6nnen, um anzugeben, dass Sie nicht m\u00f6chten, dass die Informationen von irgendjemandem zu Direktmarketingzwecken verwendet werden.<\/li>\n<li>Wenn Sie der Verwendung Ihrer personenbezogenen Daten f\u00fcr Direktmarketingzwecke zugestimmt haben, k\u00f6nnen Sie Ihre Meinung jederzeit \u00e4ndern, indem Sie sich schriftlich oder per E-Mail an uns wenden\u00a0<a href=\"mailto:info@yijinsolution.com\"><span style=\"color: #1593ce;\">info@yijinsolution.com<\/span><\/a>.<\/li>\n<\/ul>\n<p>Wenn Sie der Meinung sind, dass Informationen, die wir \u00fcber Sie gespeichert haben, falsch oder unvollst\u00e4ndig sind, senden Sie uns bitte so bald wie m\u00f6glich eine E-Mail an die oben genannte E-Mail-Adresse. Wir werden alle Informationen, die sich als unrichtig erweisen, umgehend korrigieren.<\/p>\n<\/div>\n<\/div>\n<\/div>\n<\/div>\n<\/div>\n<\/section>","protected":false},"excerpt":{"rendered":"<p>Privacy Policy This privacy policy sets out how Yijin Solution uses and protects any information that you give Yijin Solution when you use this website. Yijin Solution is committed to ensuring that your privacy is protected. Please read our privacy policy carefully to get a clear understanding of how we collect, use, protect, or otherwise [&hellip;]<\/p>\n","protected":false},"author":8,"featured_media":0,"parent":0,"menu_order":0,"comment_status":"closed","ping_status":"closed","template":"","meta":{"_acf_changed":false,"_seopress_robots_primary_cat":"","_seopress_titles_title":"Privacy Policy | Yijin Solution","_seopress_titles_desc":"This privacy policy sets out how Yijin Solution uses and protects any information that you give us when you use this website.","_seopress_robots_index":"","footnotes":""},"class_list":["post-23063","page","type-page","status-publish"],"acf":[],"_links":{"self":[{"href":"https:\/\/yijin.seo2.au\/de\/wp-json\/wp\/v2\/pages\/23063","targetHints":{"allow":["GET"]}}],"collection":[{"href":"https:\/\/yijin.seo2.au\/de\/wp-json\/wp\/v2\/pages"}],"about":[{"href":"https:\/\/yijin.seo2.au\/de\/wp-json\/wp\/v2\/types\/page"}],"author":[{"embeddable":true,"href":"https:\/\/yijin.seo2.au\/de\/wp-json\/wp\/v2\/users\/8"}],"replies":[{"embeddable":true,"href":"https:\/\/yijin.seo2.au\/de\/wp-json\/wp\/v2\/comments?post=23063"}],"version-history":[{"count":0,"href":"https:\/\/yijin.seo2.au\/de\/wp-json\/wp\/v2\/pages\/23063\/revisions"}],"wp:attachment":[{"href":"https:\/\/yijin.seo2.au\/de\/wp-json\/wp\/v2\/media?parent=23063"}],"curies":[{"name":"wp","href":"https:\/\/api.w.org\/{rel}","templated":true}]}}